{"id":2708,"date":"2019-09-10T10:31:59","date_gmt":"2019-09-10T08:31:59","guid":{"rendered":"https:\/\/www.zpo-cpc.ch\/zpo-online-abonnement\/candidats-aux-examens\/"},"modified":"2025-01-17T15:24:43","modified_gmt":"2025-01-17T14:24:43","slug":"anwaltskandidaten","status":"publish","type":"page","link":"https:\/\/www.zpo-cpc.ch\/de\/zpo-online-abonnement\/anwaltskandidaten\/","title":{"rendered":"Anwaltskandidaten"},"content":{"rendered":"\t\t<div data-elementor-type=\"wp-post\" data-elementor-id=\"2708\" class=\"elementor elementor-2708 elementor-328\" data-elementor-post-type=\"page\">\n\t\t\t\t\t\t<section class=\"elementor-section elementor-top-section elementor-element elementor-element-dc36e54 elementor-hidden-desktop elementor-hidden-phone elementor-section-boxed elementor-section-height-default elementor-section-height-default\" data-id=\"dc36e54\" data-element_type=\"section\" data-e-type=\"section\" data-settings=\"{&quot;jet_parallax_layout_list&quot;:[]}\">\n\t\t\t\t\t\t<div class=\"elementor-container elementor-column-gap-default\">\n\t\t\t\t\t<div class=\"elementor-column elementor-col-100 elementor-top-column elementor-element elementor-element-2107cc5\" data-id=\"2107cc5\" data-element_type=\"column\" data-e-type=\"column\">\n\t\t\t<div class=\"elementor-widget-wrap elementor-element-populated\">\n\t\t\t\t\t\t<div class=\"elementor-element elementor-element-e0d653e elementor-hidden-desktop elementor-hidden-phone elementor-widget elementor-widget-heading\" data-id=\"e0d653e\" data-element_type=\"widget\" data-e-type=\"widget\" data-widget_type=\"heading.default\">\n\t\t\t\t<div class=\"elementor-widget-container\">\n\t\t\t\t\t<h1 class=\"elementor-heading-title elementor-size-default\">Anwaltskandidaten<\/h1>\t\t\t\t<\/div>\n\t\t\t\t<\/div>\n\t\t\t\t\t<\/div>\n\t\t<\/div>\n\t\t\t\t\t<\/div>\n\t\t<\/section>\n\t\t\t\t<section class=\"elementor-section elementor-top-section elementor-element elementor-element-142d9bea elementor-section-boxed elementor-section-height-default elementor-section-height-default\" data-id=\"142d9bea\" data-element_type=\"section\" data-e-type=\"section\" data-settings=\"{&quot;jet_parallax_layout_list&quot;:[]}\">\n\t\t\t\t\t\t<div class=\"elementor-container elementor-column-gap-default\">\n\t\t\t\t\t<div class=\"elementor-column elementor-col-50 elementor-top-column elementor-element elementor-element-52dc844f\" data-id=\"52dc844f\" data-element_type=\"column\" data-e-type=\"column\">\n\t\t\t<div class=\"elementor-widget-wrap elementor-element-populated\">\n\t\t\t\t\t\t<div class=\"elementor-element elementor-element-2adb78a4 elementor-hidden-tablet elementor-widget elementor-widget-heading\" data-id=\"2adb78a4\" data-element_type=\"widget\" data-e-type=\"widget\" data-widget_type=\"heading.default\">\n\t\t\t\t<div class=\"elementor-widget-container\">\n\t\t\t\t\t<h1 class=\"elementor-heading-title elementor-size-default\">Anwaltskandidaten<\/h1>\t\t\t\t<\/div>\n\t\t\t\t<\/div>\n\t\t\t\t<div class=\"elementor-element elementor-element-946156f elementor-widget elementor-widget-text-editor\" data-id=\"946156f\" data-element_type=\"widget\" data-e-type=\"widget\" data-widget_type=\"text-editor.default\">\n\t\t\t\t<div class=\"elementor-widget-container\">\n\t\t\t\t\t\t\t\t\t<p>Wir bieten allen Anwaltskandidaten, welche Ihr Praktikum beendet haben, einen ZPO Online Zugang f\u00fcr den Spezialtarif von CHF 29.-\/Monat zzgl. MwSt. F\u00fcllen Sie das Anmeldeformular aus und schicken Sie eine Kopie der Einschreibungsbest\u00e4tigung zur Anwaltspr\u00fcfung.<\/p>\n\t\t\t\t\t\t\t\t<\/div>\n\t\t\t\t<\/div>\n\t\t\t\t<div class=\"elementor-element elementor-element-57cf88c elementor-widget elementor-widget-image\" data-id=\"57cf88c\" data-element_type=\"widget\" data-e-type=\"widget\" data-widget_type=\"image.default\">\n\t\t\t\t<div class=\"elementor-widget-container\">\n\t\t\t\t\t\t\t\t\t\t\t\t\t\t\t<img fetchpriority=\"high\" decoding=\"async\" width=\"258\" height=\"520\" src=\"https:\/\/www.zpo-cpc.ch\/wp-content\/uploads\/2019\/09\/img-stagiaires-logo.jpg\" class=\"attachment-full size-full wp-image-334\" alt=\"ZPO Online Anwaltskandidaten\" srcset=\"https:\/\/www.zpo-cpc.ch\/wp-content\/uploads\/2019\/09\/img-stagiaires-logo.jpg 258w, https:\/\/www.zpo-cpc.ch\/wp-content\/uploads\/2019\/09\/img-stagiaires-logo-149x300.jpg 149w\" sizes=\"(max-width: 258px) 100vw, 258px\" title=\"\">\t\t\t\t\t\t\t\t\t\t\t\t\t\t\t<\/div>\n\t\t\t\t<\/div>\n\t\t\t\t<div class=\"elementor-element elementor-element-7bc69b70 elementor-widget elementor-widget-heading\" data-id=\"7bc69b70\" data-element_type=\"widget\" data-e-type=\"widget\" data-widget_type=\"heading.default\">\n\t\t\t\t<div class=\"elementor-widget-container\">\n\t\t\t\t\t<h2 class=\"elementor-heading-title elementor-size-default\">1 ZPO Online Zugang<br>Version: <span style=\"color:#d71920\">zweisprachig (vollst\u00e4ndig auf Deutsch und Franz\u00f6sisch)<\/span><br>Abonnementsdauer: <span style=\"color:#d71920\">von 3 bis zu 12 Monaten<\/span><\/h2>\t\t\t\t<\/div>\n\t\t\t\t<\/div>\n\t\t\t\t<section class=\"elementor-section elementor-inner-section elementor-element elementor-element-a58e922 elementor-section-boxed elementor-section-height-default elementor-section-height-default\" data-id=\"a58e922\" data-element_type=\"section\" data-e-type=\"section\" data-settings=\"{&quot;jet_parallax_layout_list&quot;:[]}\">\n\t\t\t\t\t\t<div class=\"elementor-container elementor-column-gap-default\">\n\t\t\t\t\t<div class=\"elementor-column elementor-col-50 elementor-inner-column elementor-element elementor-element-0e4a382\" data-id=\"0e4a382\" data-element_type=\"column\" data-e-type=\"column\">\n\t\t\t<div class=\"elementor-widget-wrap elementor-element-populated\">\n\t\t\t\t\t\t<div class=\"elementor-element elementor-element-2caf752 elementor-widget elementor-widget-image\" data-id=\"2caf752\" data-element_type=\"widget\" data-e-type=\"widget\" data-widget_type=\"image.default\">\n\t\t\t\t<div class=\"elementor-widget-container\">\n\t\t\t\t\t\t\t\t\t\t\t\t\t\t\t<img decoding=\"async\" width=\"800\" height=\"366\" src=\"https:\/\/www.zpo-cpc.ch\/wp-content\/uploads\/2020\/02\/Appareil-Group-CPC-1024x469.png\" class=\"attachment-large size-large wp-image-1494\" alt=\"ZPO Online Abonnement\" srcset=\"https:\/\/www.zpo-cpc.ch\/wp-content\/uploads\/2020\/02\/Appareil-Group-CPC-1024x469.png 1024w, https:\/\/www.zpo-cpc.ch\/wp-content\/uploads\/2020\/02\/Appareil-Group-CPC-300x137.png 300w, https:\/\/www.zpo-cpc.ch\/wp-content\/uploads\/2020\/02\/Appareil-Group-CPC-768x352.png 768w, https:\/\/www.zpo-cpc.ch\/wp-content\/uploads\/2020\/02\/Appareil-Group-CPC-1536x703.png 1536w, https:\/\/www.zpo-cpc.ch\/wp-content\/uploads\/2020\/02\/Appareil-Group-CPC-2048x938.png 2048w\" sizes=\"(max-width: 800px) 100vw, 800px\" title=\"\">\t\t\t\t\t\t\t\t\t\t\t\t\t\t\t<\/div>\n\t\t\t\t<\/div>\n\t\t\t\t\t<\/div>\n\t\t<\/div>\n\t\t\t\t<div class=\"elementor-column elementor-col-50 elementor-inner-column elementor-element elementor-element-5075cd0\" data-id=\"5075cd0\" data-element_type=\"column\" data-e-type=\"column\">\n\t\t\t<div class=\"elementor-widget-wrap elementor-element-populated\">\n\t\t\t\t\t\t<div class=\"elementor-element elementor-element-243d5cba elementor-widget elementor-widget-heading\" data-id=\"243d5cba\" data-element_type=\"widget\" data-e-type=\"widget\" data-widget_type=\"heading.default\">\n\t\t\t\t<div class=\"elementor-widget-container\">\n\t\t\t\t\t<h3 class=\"elementor-heading-title elementor-size-default\"><span style=\"color:#d71920;font-size:28px\">CHF 29.-\/Monat <\/span><span style=\"font-size: 12px\">zzgl. MwSt. <\/span><\/h3>\t\t\t\t<\/div>\n\t\t\t\t<\/div>\n\t\t\t\t<div class=\"elementor-element elementor-element-9a0aada elementor-widget__width-auto elementor-widget elementor-widget-text-editor\" data-id=\"9a0aada\" data-element_type=\"widget\" data-e-type=\"widget\" data-widget_type=\"text-editor.default\">\n\t\t\t\t<div class=\"elementor-widget-container\">\n\t\t\t\t\t\t\t\t\t<p>statt CHF 690.-\/Jahr zzgl. MwSt.<\/p>\t\t\t\t\t\t\t\t<\/div>\n\t\t\t\t<\/div>\n\t\t\t\t\t<\/div>\n\t\t<\/div>\n\t\t\t\t\t<\/div>\n\t\t<\/section>\n\t\t\t\t\t<\/div>\n\t\t<\/div>\n\t\t\t\t<div class=\"elementor-column elementor-col-50 elementor-top-column elementor-element elementor-element-61157243\" data-id=\"61157243\" data-element_type=\"column\" data-e-type=\"column\" data-settings=\"{&quot;background_background&quot;:&quot;classic&quot;}\">\n\t\t\t<div class=\"elementor-widget-wrap elementor-element-populated\">\n\t\t\t\t\t\t<div class=\"elementor-element elementor-element-7f5cdec1 elementor-widget elementor-widget-text-editor\" data-id=\"7f5cdec1\" data-element_type=\"widget\" data-e-type=\"widget\" data-widget_type=\"text-editor.default\">\n\t\t\t\t<div class=\"elementor-widget-container\">\n\t\t\t\t\t\t\t\t\t<p>F\u00fcllen Sie bitte dieses Formular aus, um den Kurzkommentar der ZPO Online zu abonnieren (f\u00fcr Anwaltskandidaten).<\/p>\n\t\t\t\t\t\t\t\t<\/div>\n\t\t\t\t<\/div>\n\t\t\t\t<div class=\"elementor-element elementor-element-4e7b4487 elementor-button-align-stretch elementor-widget elementor-widget-form\" data-id=\"4e7b4487\" data-element_type=\"widget\" data-e-type=\"widget\" data-settings=\"{&quot;button_width&quot;:&quot;75&quot;,&quot;step_next_label&quot;:&quot;N\\u00e4chster&quot;,&quot;step_previous_label&quot;:&quot;Voriger&quot;,&quot;step_type&quot;:&quot;number_text&quot;,&quot;step_icon_shape&quot;:&quot;circle&quot;}\" data-widget_type=\"form.default\">\n\t\t\t\t<div class=\"elementor-widget-container\">\n\t\t\t\t\t\t\t<form class=\"elementor-form\" method=\"post\" name=\"Neues Formular\" aria-label=\"Neues Formular\">\n\t\t\t<input type=\"hidden\" name=\"post_id\" value=\"2708\"\/>\n\t\t\t<input type=\"hidden\" name=\"form_id\" value=\"4e7b4487\"\/>\n\t\t\t<input type=\"hidden\" name=\"referer_title\" value=\"\" \/>\n\n\t\t\t\n\t\t\t<div class=\"elementor-form-fields-wrapper elementor-labels-\">\n\t\t\t\t\t\t\t\t<div class=\"elementor-field-type-select elementor-field-group elementor-column elementor-field-group-field_4 elementor-col-100 elementor-field-required\">\n\t\t\t\t\t\t\t\t\t\t\t\t<label for=\"form-field-field_4\" class=\"elementor-field-label elementor-screen-only\">\n\t\t\t\t\t\t\t\tAnrede*\t\t\t\t\t\t\t<\/label>\n\t\t\t\t\t\t\t\t<div class=\"elementor-field elementor-select-wrapper remove-before \">\n\t\t\t<div class=\"select-caret-down-wrapper\">\n\t\t\t\t<i aria-hidden=\"true\" class=\"eicon-caret-down\"><\/i>\t\t\t<\/div>\n\t\t\t<select name=\"form_fields[field_4]\" id=\"form-field-field_4\" class=\"elementor-field-textual elementor-size-sm\" required=\"required\">\n\t\t\t\t\t\t\t\t\t<option value=\"-- Anrede* --\">-- Anrede* --<\/option>\n\t\t\t\t\t\t\t\t\t<option value=\"Frau\">Frau<\/option>\n\t\t\t\t\t\t\t\t\t<option value=\"Herr\">Herr<\/option>\n\t\t\t\t\t\t\t<\/select>\n\t\t<\/div>\n\t\t\t\t\t\t<\/div>\n\t\t\t\t\t\t\t\t<div class=\"elementor-field-type-text elementor-field-group elementor-column elementor-field-group-field_6 elementor-col-50 elementor-field-required\">\n\t\t\t\t\t\t\t\t\t\t\t\t<label for=\"form-field-field_6\" class=\"elementor-field-label elementor-screen-only\">\n\t\t\t\t\t\t\t\tVorname\t\t\t\t\t\t\t<\/label>\n\t\t\t\t\t\t\t\t\t\t\t\t\t\t<input size=\"1\" type=\"text\" name=\"form_fields[field_6]\" id=\"form-field-field_6\" class=\"elementor-field elementor-size-sm  elementor-field-textual\" placeholder=\"Vorname*\" required=\"required\">\n\t\t\t\t\t\t\t\t\t\t\t<\/div>\n\t\t\t\t\t\t\t\t<div class=\"elementor-field-type-text elementor-field-group elementor-column elementor-field-group-field_7 elementor-col-50 elementor-field-required\">\n\t\t\t\t\t\t\t\t\t\t\t\t<label for=\"form-field-field_7\" class=\"elementor-field-label elementor-screen-only\">\n\t\t\t\t\t\t\t\tNachname\t\t\t\t\t\t\t<\/label>\n\t\t\t\t\t\t\t\t\t\t\t\t\t\t<input size=\"1\" type=\"text\" name=\"form_fields[field_7]\" id=\"form-field-field_7\" class=\"elementor-field elementor-size-sm  elementor-field-textual\" placeholder=\"Nachname*\" required=\"required\">\n\t\t\t\t\t\t\t\t\t\t\t<\/div>\n\t\t\t\t\t\t\t\t<div class=\"elementor-field-type-email elementor-field-group elementor-column elementor-field-group-field_8 elementor-col-100 elementor-field-required\">\n\t\t\t\t\t\t\t\t\t\t\t\t<label for=\"form-field-field_8\" class=\"elementor-field-label elementor-screen-only\">\n\t\t\t\t\t\t\t\tEmailadresse\t\t\t\t\t\t\t<\/label>\n\t\t\t\t\t\t\t\t\t\t\t\t\t\t<input size=\"1\" type=\"email\" name=\"form_fields[field_8]\" id=\"form-field-field_8\" class=\"elementor-field elementor-size-sm  elementor-field-textual\" placeholder=\"Emailadresse*\" required=\"required\">\n\t\t\t\t\t\t\t\t\t\t\t<\/div>\n\t\t\t\t\t\t\t\t<div class=\"elementor-field-type-html elementor-field-group elementor-column elementor-field-group-field_3 elementor-col-100\">\n\t\t\t\t\t<hr style=\"border: 1px solid #808080; margin-bottom: 5px; margin-top: 10px;\" \/>\n\t\t\t\t<\/div>\n\t\t\t\t\t\t\t\t<div class=\"elementor-field-type-text elementor-field-group elementor-column elementor-field-group-field_1 elementor-col-100 elementor-field-required\">\n\t\t\t\t\t\t\t\t\t\t\t\t<label for=\"form-field-field_1\" class=\"elementor-field-label elementor-screen-only\">\n\t\t\t\t\t\t\t\tTelefon\t\t\t\t\t\t\t<\/label>\n\t\t\t\t\t\t\t\t\t\t\t\t\t\t<input size=\"1\" type=\"text\" name=\"form_fields[field_1]\" id=\"form-field-field_1\" class=\"elementor-field elementor-size-sm  elementor-field-textual\" placeholder=\"Telefon*\" required=\"required\">\n\t\t\t\t\t\t\t\t\t\t\t<\/div>\n\t\t\t\t\t\t\t\t<div class=\"elementor-field-type-text elementor-field-group elementor-column elementor-field-group-message elementor-col-100 elementor-field-required\">\n\t\t\t\t\t\t\t\t\t\t\t\t<label for=\"form-field-message\" class=\"elementor-field-label elementor-screen-only\">\n\t\t\t\t\t\t\t\tStrasse\t\t\t\t\t\t\t<\/label>\n\t\t\t\t\t\t\t\t\t\t\t\t\t\t<input size=\"1\" type=\"text\" name=\"form_fields[message]\" id=\"form-field-message\" class=\"elementor-field elementor-size-sm  elementor-field-textual\" placeholder=\"Strasse*\" required=\"required\">\n\t\t\t\t\t\t\t\t\t\t\t<\/div>\n\t\t\t\t\t\t\t\t<div class=\"elementor-field-type-text elementor-field-group elementor-column elementor-field-group-email elementor-col-33 elementor-field-required\">\n\t\t\t\t\t\t\t\t\t\t\t\t<label for=\"form-field-email\" class=\"elementor-field-label elementor-screen-only\">\n\t\t\t\t\t\t\t\tPostleitzahl\t\t\t\t\t\t\t<\/label>\n\t\t\t\t\t\t\t\t\t\t\t\t\t\t<input size=\"1\" type=\"text\" name=\"form_fields[email]\" id=\"form-field-email\" class=\"elementor-field elementor-size-sm  elementor-field-textual\" placeholder=\"Postleitzahl*\" required=\"required\">\n\t\t\t\t\t\t\t\t\t\t\t<\/div>\n\t\t\t\t\t\t\t\t<div class=\"elementor-field-type-text elementor-field-group elementor-column elementor-field-group-field_2 elementor-col-66 elementor-field-required\">\n\t\t\t\t\t\t\t\t\t\t\t\t<label for=\"form-field-field_2\" class=\"elementor-field-label elementor-screen-only\">\n\t\t\t\t\t\t\t\tOrt\t\t\t\t\t\t\t<\/label>\n\t\t\t\t\t\t\t\t\t\t\t\t\t\t<input size=\"1\" type=\"text\" name=\"form_fields[field_2]\" id=\"form-field-field_2\" class=\"elementor-field elementor-size-sm  elementor-field-textual\" placeholder=\"Ort*\" required=\"required\">\n\t\t\t\t\t\t\t\t\t\t\t<\/div>\n\t\t\t\t\t\t\t\t<div class=\"elementor-field-type-html elementor-field-group elementor-column elementor-field-group-field_10 elementor-col-100\">\n\t\t\t\t\t<hr style=\"border: 1px solid #808080; margin-bottom: 5px; margin-top: 10px;\" \/>\n\t\t\t\t<\/div>\n\t\t\t\t\t\t\t\t<div class=\"elementor-field-type-html elementor-field-group elementor-column elementor-field-group-field_7b655c3 elementor-col-100\">\n\t\t\t\t\t<p><strong style=\"color: black;\">W\u00e4hlen Sie die Abonnementsdauer<\/strong> von 3 bis zu 12 Monaten<\/p>\n\t\t\t\t<\/div>\n\t\t\t\t\t\t\t\t<div class=\"elementor-field-type-select elementor-field-group elementor-column elementor-field-group-field_8a55101 elementor-col-100 elementor-field-required\">\n\t\t\t\t\t\t\t\t\t\t\t\t<label for=\"form-field-field_8a55101\" class=\"elementor-field-label elementor-screen-only\">\n\t\t\t\t\t\t\t\tAbonnementsdauer\t\t\t\t\t\t\t<\/label>\n\t\t\t\t\t\t\t\t<div class=\"elementor-field elementor-select-wrapper remove-before \">\n\t\t\t<div class=\"select-caret-down-wrapper\">\n\t\t\t\t<i aria-hidden=\"true\" class=\"eicon-caret-down\"><\/i>\t\t\t<\/div>\n\t\t\t<select name=\"form_fields[field_8a55101]\" id=\"form-field-field_8a55101\" class=\"elementor-field-textual elementor-size-sm\" required=\"required\">\n\t\t\t\t\t\t\t\t\t<option value=\"3 Monate-&gt; CHF 87.- zzgl. MwSt.\">3 Monate-&gt; CHF 87.- zzgl. MwSt.<\/option>\n\t\t\t\t\t\t\t\t\t<option value=\"4 Monate-&gt; CHF 116.- zzgl. MwSt.\">4 Monate-&gt; CHF 116.- zzgl. MwSt.<\/option>\n\t\t\t\t\t\t\t\t\t<option value=\"5 Monate-&gt; CHF 145.- zzgl. MwSt.\">5 Monate-&gt; CHF 145.- zzgl. MwSt.<\/option>\n\t\t\t\t\t\t\t\t\t<option value=\"6 Monate-&gt; CHF 174.- zzgl. MwSt.\">6 Monate-&gt; CHF 174.- zzgl. MwSt.<\/option>\n\t\t\t\t\t\t\t\t\t<option value=\"7 Monate-&gt; CHF 203.- zzgl. MwSt.\">7 Monate-&gt; CHF 203.- zzgl. MwSt.<\/option>\n\t\t\t\t\t\t\t\t\t<option value=\"8 Monate-&gt; CHF 232.- zzgl. MwSt.\">8 Monate-&gt; CHF 232.- zzgl. MwSt.<\/option>\n\t\t\t\t\t\t\t\t\t<option value=\"9 Monate-&gt; CHF 261.- zzgl. MwSt.\">9 Monate-&gt; CHF 261.- zzgl. MwSt.<\/option>\n\t\t\t\t\t\t\t\t\t<option value=\"10 Monate-&gt; CHF 290.- zzgl. MwSt.\">10 Monate-&gt; CHF 290.- zzgl. MwSt.<\/option>\n\t\t\t\t\t\t\t\t\t<option value=\"11 Monate-&gt; CHF 319.- zzgl. MwSt.\">11 Monate-&gt; CHF 319.- zzgl. MwSt.<\/option>\n\t\t\t\t\t\t\t\t\t<option value=\"12 Monate-&gt; CHF 348.- zzgl. MwSt.\">12 Monate-&gt; CHF 348.- zzgl. MwSt.<\/option>\n\t\t\t\t\t\t\t<\/select>\n\t\t<\/div>\n\t\t\t\t\t\t<\/div>\n\t\t\t\t\t\t\t\t<div class=\"elementor-field-type-html elementor-field-group elementor-column elementor-field-group-field_14ea192 elementor-col-100\">\n\t\t\t\t\t<hr style=\"border: 1px solid #808080; margin-bottom: 5px; margin-top: 10px;\" \/>\n\t\t\t\t<\/div>\n\t\t\t\t\t\t\t\t<div class=\"elementor-field-type-html elementor-field-group elementor-column elementor-field-group-field_320403a elementor-col-100\">\n\t\t\t\t\t<p><strong style=\"color: black;\">Einschreibungsbest\u00e4tigung zur Anwaltspr\u00fcfung<\/strong><br\/>Laden Sie hier Ihre Einschreibungsbest\u00e4tigung zur Anwaltspr\u00fcfung im PDF-Format hoch oder schicken Sie sie uns per E-Mail oder Post.<\/p>\n\t\t\t\t<\/div>\n\t\t\t\t\t\t\t\t<div class=\"elementor-field-type-upload elementor-field-group elementor-column elementor-field-group-field_13 elementor-col-100\">\n\t\t\t\t\t\t\t\t\t\t\t\t<label for=\"form-field-field_13\" class=\"elementor-field-label elementor-screen-only\">\n\t\t\t\t\t\t\t\tEinschreibungsbest\u00e4tigung \t\t\t\t\t\t\t<\/label>\n\t\t\t\t\t\t\t\t<input type=\"file\" name=\"form_fields[field_13]\" id=\"form-field-field_13\" class=\"elementor-field elementor-size-sm  elementor-upload-field\">\n\n\t\t\t\t\t\t<\/div>\n\t\t\t\t\t\t\t\t<div class=\"elementor-field-type-html elementor-field-group elementor-column elementor-field-group-field_15 elementor-col-100\">\n\t\t\t\t\t<p><strong>Adresse<\/strong><br>Onlex GmbH | Bd de P\u00e9rolles 14 |\n1700 Freiburg<\/p>\n\t\t\t\t<\/div>\n\t\t\t\t\t\t\t\t<div class=\"elementor-field-type-html elementor-field-group elementor-column elementor-field-group-field_5 elementor-col-100\">\n\t\t\t\t\t<hr style=\"border: 1px solid #808080; margin-bottom: 5px; margin-top: 10px;\" \/>\n\t\t\t\t<\/div>\n\t\t\t\t\t\t\t\t<div class=\"elementor-field-type-textarea elementor-field-group elementor-column elementor-field-group-field_9 elementor-col-100\">\n\t\t\t\t\t\t\t\t\t\t\t\t<label for=\"form-field-field_9\" class=\"elementor-field-label elementor-screen-only\">\n\t\t\t\t\t\t\t\tNachricht\t\t\t\t\t\t\t<\/label>\n\t\t\t\t\t\t<textarea class=\"elementor-field-textual elementor-field  elementor-size-sm\" name=\"form_fields[field_9]\" id=\"form-field-field_9\" rows=\"2\" placeholder=\"Nachricht\"><\/textarea>\t\t\t\t<\/div>\n\t\t\t\t\t\t\t\t<div class=\"elementor-field-type-html elementor-field-group elementor-column elementor-field-group-field_11 elementor-col-100\">\n\t\t\t\t\t<p>Sobald Ihre Bestellung bei uns eingegangen ist, erhalten Sie in den darauffolgenden 48 Stunden eine entsprechende Rechnung.<\/p>\n\t\t\t\t<\/div>\n\t\t\t\t\t\t\t\t<div class=\"elementor-field-type-recaptcha_v3 elementor-field-group elementor-column elementor-field-group-field_16 elementor-col-100 recaptcha_v3-inline\">\n\t\t\t\t\t<div class=\"elementor-field\" id=\"form-field-field_16\"><div class=\"elementor-g-recaptcha\" data-sitekey=\"6Leol7cUAAAAAIGQ704ME8RF3kXHJ5umi7g1Lkin\" data-type=\"v3\" data-action=\"Form\" data-badge=\"inline\" data-size=\"invisible\"><\/div><\/div>\t\t\t\t<\/div>\n\t\t\t\t\t\t\t\t<div class=\"elementor-field-group elementor-column elementor-field-type-submit elementor-col-75 e-form__buttons\">\n\t\t\t\t\t<button class=\"elementor-button elementor-size-sm\" type=\"submit\">\n\t\t\t\t\t\t<span class=\"elementor-button-content-wrapper\">\n\t\t\t\t\t\t\t\t\t\t\t\t\t\t\t\t\t\t\t\t\t\t<span class=\"elementor-button-text\">Bestellung absenden<\/span>\n\t\t\t\t\t\t\t\t\t\t\t\t\t<\/span>\n\t\t\t\t\t<\/button>\n\t\t\t\t<\/div>\n\t\t\t<\/div>\n\t\t<\/form>\n\t\t\t\t\t\t<\/div>\n\t\t\t\t<\/div>\n\t\t\t\t\t<\/div>\n\t\t<\/div>\n\t\t\t\t\t<\/div>\n\t\t<\/section>\n\t\t\t\t<\/div>\n\t\t","protected":false},"excerpt":{"rendered":"<p>Anwaltskandidaten Anwaltskandidaten Wir bieten allen Anwaltskandidaten, welche Ihr Praktikum beendet haben, einen ZPO Online Zugang f\u00fcr den Spezialtarif von CHF 29.-\/Monat zzgl. MwSt. F\u00fcllen Sie das Anmeldeformular aus und schicken Sie eine Kopie der Einschreibungsbest\u00e4tigung zur Anwaltspr\u00fcfung. 1 ZPO Online ZugangVersion: zweisprachig (vollst\u00e4ndig auf Deutsch und Franz\u00f6sisch)Abonnementsdauer: von 3 bis zu 12 Monaten CHF 29.-\/Monat [&hellip;]<\/p>\n","protected":false},"author":2,"featured_media":0,"parent":2311,"menu_order":0,"comment_status":"closed","ping_status":"closed","template":"","meta":{"_acf_changed":false,"footnotes":""},"class_list":["post-2708","page","type-page","status-publish","hentry"],"acf":[],"_links":{"self":[{"href":"https:\/\/www.zpo-cpc.ch\/de\/wp-json\/wp\/v2\/pages\/2708","targetHints":{"allow":["GET"]}}],"collection":[{"href":"https:\/\/www.zpo-cpc.ch\/de\/wp-json\/wp\/v2\/pages"}],"about":[{"href":"https:\/\/www.zpo-cpc.ch\/de\/wp-json\/wp\/v2\/types\/page"}],"author":[{"embeddable":true,"href":"https:\/\/www.zpo-cpc.ch\/de\/wp-json\/wp\/v2\/users\/2"}],"replies":[{"embeddable":true,"href":"https:\/\/www.zpo-cpc.ch\/de\/wp-json\/wp\/v2\/comments?post=2708"}],"version-history":[{"count":20,"href":"https:\/\/www.zpo-cpc.ch\/de\/wp-json\/wp\/v2\/pages\/2708\/revisions"}],"predecessor-version":[{"id":11949,"href":"https:\/\/www.zpo-cpc.ch\/de\/wp-json\/wp\/v2\/pages\/2708\/revisions\/11949"}],"up":[{"embeddable":true,"href":"https:\/\/www.zpo-cpc.ch\/de\/wp-json\/wp\/v2\/pages\/2311"}],"wp:attachment":[{"href":"https:\/\/www.zpo-cpc.ch\/de\/wp-json\/wp\/v2\/media?parent=2708"}],"curies":[{"name":"wp","href":"https:\/\/api.w.org\/{rel}","templated":true}]}}