{"id":2534,"date":"2019-09-21T19:44:04","date_gmt":"2019-09-21T17:44:04","guid":{"rendered":"https:\/\/www.zpo-cpc.ch\/autoren-zpo-online\/f-bastons-bulletti\/"},"modified":"2020-04-30T17:12:04","modified_gmt":"2020-04-30T15:12:04","slug":"f-bastons-bulletti","status":"publish","type":"page","link":"https:\/\/www.zpo-cpc.ch\/de\/autoren-zpo-online\/f-bastons-bulletti\/","title":{"rendered":"Kontakt F. Bastons Bulletti"},"content":{"rendered":"\t\t<div data-elementor-type=\"wp-post\" data-elementor-id=\"2534\" class=\"elementor elementor-2534 elementor-456\" data-elementor-post-type=\"page\">\n\t\t\t\t\t\t<section class=\"elementor-section elementor-top-section elementor-element elementor-element-0a3487a elementor-section-boxed elementor-section-height-default elementor-section-height-default\" data-id=\"0a3487a\" data-element_type=\"section\" data-e-type=\"section\" data-settings=\"{&quot;jet_parallax_layout_list&quot;:[]}\">\n\t\t\t\t\t\t<div class=\"elementor-container elementor-column-gap-default\">\n\t\t\t\t\t<div class=\"elementor-column elementor-col-50 elementor-top-column elementor-element elementor-element-3485cee\" data-id=\"3485cee\" data-element_type=\"column\" data-e-type=\"column\">\n\t\t\t<div class=\"elementor-widget-wrap elementor-element-populated\">\n\t\t\t\t\t\t<div class=\"elementor-element elementor-element-f50f0fd elementor-widget elementor-widget-heading\" data-id=\"f50f0fd\" data-element_type=\"widget\" data-e-type=\"widget\" data-widget_type=\"heading.default\">\n\t\t\t\t<div class=\"elementor-widget-container\">\n\t\t\t\t\t<h1 class=\"elementor-heading-title elementor-size-default\">Kontaktieren Sie Fran\u00e7oise Bastons Bulletti<\/h1>\t\t\t\t<\/div>\n\t\t\t\t<\/div>\n\t\t\t\t<div class=\"elementor-element elementor-element-f84d3f8 elementor-widget elementor-widget-image\" data-id=\"f84d3f8\" data-element_type=\"widget\" data-e-type=\"widget\" data-widget_type=\"image.default\">\n\t\t\t\t<div class=\"elementor-widget-container\">\n\t\t\t\t\t\t\t\t\t\t\t\t\t\t\t<img fetchpriority=\"high\" decoding=\"async\" width=\"1000\" height=\"748\" src=\"https:\/\/www.zpo-cpc.ch\/wp-content\/uploads\/2019\/09\/ZPO_CPC_Bastons-Bulletti_104r_1000-CPC-10ans.jpg\" class=\"attachment-full size-full wp-image-346\" alt=\"Autoren ZPO Online Bulletti\" srcset=\"https:\/\/www.zpo-cpc.ch\/wp-content\/uploads\/2019\/09\/ZPO_CPC_Bastons-Bulletti_104r_1000-CPC-10ans.jpg 1000w, https:\/\/www.zpo-cpc.ch\/wp-content\/uploads\/2019\/09\/ZPO_CPC_Bastons-Bulletti_104r_1000-CPC-10ans-300x224.jpg 300w, https:\/\/www.zpo-cpc.ch\/wp-content\/uploads\/2019\/09\/ZPO_CPC_Bastons-Bulletti_104r_1000-CPC-10ans-768x574.jpg 768w\" sizes=\"(max-width: 1000px) 100vw, 1000px\" title=\"\">\t\t\t\t\t\t\t\t\t\t\t\t\t\t\t<\/div>\n\t\t\t\t<\/div>\n\t\t\t\t<div class=\"elementor-element elementor-element-888d6fa elementor-widget elementor-widget-text-editor\" data-id=\"888d6fa\" data-element_type=\"widget\" data-e-type=\"widget\" data-widget_type=\"text-editor.default\">\n\t\t\t\t<div class=\"elementor-widget-container\">\n\t\t\t\t\t\t\t\t\t<p><strong>Fran\u00e7oise Bastons Bulletti<\/strong><\/p>\n<p class=\"contact\">Chefredakteurin der ZPO Online, Autorin<br \/>\nEhemalige Kantonsrichterin<\/p>\n\t\t\t\t\t\t\t\t<\/div>\n\t\t\t\t<\/div>\n\t\t\t\t\t<\/div>\n\t\t<\/div>\n\t\t\t\t<div class=\"elementor-column elementor-col-50 elementor-top-column elementor-element elementor-element-1e22fbd\" data-id=\"1e22fbd\" data-element_type=\"column\" data-e-type=\"column\" data-settings=\"{&quot;background_background&quot;:&quot;classic&quot;}\">\n\t\t\t<div class=\"elementor-widget-wrap elementor-element-populated\">\n\t\t\t\t\t\t<div class=\"elementor-element elementor-element-c53e8a3 elementor-widget elementor-widget-text-editor\" data-id=\"c53e8a3\" data-element_type=\"widget\" data-e-type=\"widget\" data-widget_type=\"text-editor.default\">\n\t\t\t\t<div class=\"elementor-widget-container\">\n\t\t\t\t\t\t\t\t\t<p>Um Frau Fran\u00e7oise Bastons Bulletti zu inhaltlichen Fragen oder Kommentaren des Kurzkommentars der ZPO Online zu kontaktieren, f\u00fcllen Sie das untenstehende Formular aus.<\/p>\n\t\t\t\t\t\t\t\t<\/div>\n\t\t\t\t<\/div>\n\t\t\t\t<div class=\"elementor-element elementor-element-95e4dd1 elementor-button-align-stretch elementor-widget elementor-widget-form\" data-id=\"95e4dd1\" data-element_type=\"widget\" data-e-type=\"widget\" data-settings=\"{&quot;button_width&quot;:&quot;75&quot;,&quot;step_next_label&quot;:&quot;N\\u00e4chster&quot;,&quot;step_previous_label&quot;:&quot;Voriger&quot;,&quot;step_type&quot;:&quot;number_text&quot;,&quot;step_icon_shape&quot;:&quot;circle&quot;}\" data-widget_type=\"form.default\">\n\t\t\t\t<div class=\"elementor-widget-container\">\n\t\t\t\t\t\t\t<form class=\"elementor-form\" method=\"post\" name=\"Neues Formular\" aria-label=\"Neues Formular\">\n\t\t\t<input type=\"hidden\" name=\"post_id\" value=\"2534\"\/>\n\t\t\t<input type=\"hidden\" name=\"form_id\" value=\"95e4dd1\"\/>\n\t\t\t<input type=\"hidden\" name=\"referer_title\" value=\"\" \/>\n\n\t\t\t\n\t\t\t<div class=\"elementor-form-fields-wrapper elementor-labels-\">\n\t\t\t\t\t\t\t\t<div class=\"elementor-field-type-text elementor-field-group elementor-column elementor-field-group-name elementor-col-100\">\n\t\t\t\t\t\t\t\t\t\t\t\t<label for=\"form-field-name\" class=\"elementor-field-label elementor-screen-only\">\n\t\t\t\t\t\t\t\tUnternehmen\t\t\t\t\t\t\t<\/label>\n\t\t\t\t\t\t\t\t\t\t\t\t\t\t<input size=\"1\" type=\"text\" name=\"form_fields[name]\" id=\"form-field-name\" class=\"elementor-field elementor-size-sm  elementor-field-textual\" placeholder=\"Unternehmen\">\n\t\t\t\t\t\t\t\t\t\t\t<\/div>\n\t\t\t\t\t\t\t\t<div class=\"elementor-field-type-text elementor-field-group elementor-column elementor-field-group-field_5 elementor-col-100\">\n\t\t\t\t\t\t\t\t\t\t\t\t<label for=\"form-field-field_5\" class=\"elementor-field-label elementor-screen-only\">\n\t\t\t\t\t\t\t\tFunktion\t\t\t\t\t\t\t<\/label>\n\t\t\t\t\t\t\t\t\t\t\t\t\t\t<input size=\"1\" type=\"text\" name=\"form_fields[field_5]\" id=\"form-field-field_5\" class=\"elementor-field elementor-size-sm  elementor-field-textual\" placeholder=\"Funktion\">\n\t\t\t\t\t\t\t\t\t\t\t<\/div>\n\t\t\t\t\t\t\t\t<div class=\"elementor-field-type-text elementor-field-group elementor-column elementor-field-group-field_6 elementor-col-50 elementor-field-required\">\n\t\t\t\t\t\t\t\t\t\t\t\t<label for=\"form-field-field_6\" class=\"elementor-field-label elementor-screen-only\">\n\t\t\t\t\t\t\t\tVorname\t\t\t\t\t\t\t<\/label>\n\t\t\t\t\t\t\t\t\t\t\t\t\t\t<input size=\"1\" type=\"text\" name=\"form_fields[field_6]\" id=\"form-field-field_6\" class=\"elementor-field elementor-size-sm  elementor-field-textual\" placeholder=\"Vorname*\" required=\"required\">\n\t\t\t\t\t\t\t\t\t\t\t<\/div>\n\t\t\t\t\t\t\t\t<div class=\"elementor-field-type-text elementor-field-group elementor-column elementor-field-group-field_7 elementor-col-50 elementor-field-required\">\n\t\t\t\t\t\t\t\t\t\t\t\t<label for=\"form-field-field_7\" class=\"elementor-field-label elementor-screen-only\">\n\t\t\t\t\t\t\t\tNachname\t\t\t\t\t\t\t<\/label>\n\t\t\t\t\t\t\t\t\t\t\t\t\t\t<input size=\"1\" type=\"text\" name=\"form_fields[field_7]\" id=\"form-field-field_7\" class=\"elementor-field elementor-size-sm  elementor-field-textual\" placeholder=\"Nachname*\" required=\"required\">\n\t\t\t\t\t\t\t\t\t\t\t<\/div>\n\t\t\t\t\t\t\t\t<div class=\"elementor-field-type-tel elementor-field-group elementor-column elementor-field-group-field_1 elementor-col-100 elementor-field-required\">\n\t\t\t\t\t\t\t\t\t\t\t\t<label for=\"form-field-field_1\" class=\"elementor-field-label elementor-screen-only\">\n\t\t\t\t\t\t\t\tTelefon\t\t\t\t\t\t\t<\/label>\n\t\t\t\t\t\t\t\t<input size=\"1\" type=\"tel\" name=\"form_fields[field_1]\" id=\"form-field-field_1\" class=\"elementor-field elementor-size-sm  elementor-field-textual\" placeholder=\"Telefon*\" required=\"required\" pattern=\"[0-9()#&amp;+*-=.]+\" title=\"Nur Nummern oder Telefon-Zeichen (#, -, *, etc) werden akzeptiert.\">\n\n\t\t\t\t\t\t<\/div>\n\t\t\t\t\t\t\t\t<div class=\"elementor-field-type-text elementor-field-group elementor-column elementor-field-group-field_8 elementor-col-100 elementor-field-required\">\n\t\t\t\t\t\t\t\t\t\t\t\t<label for=\"form-field-field_8\" class=\"elementor-field-label elementor-screen-only\">\n\t\t\t\t\t\t\t\tEmailadresse\t\t\t\t\t\t\t<\/label>\n\t\t\t\t\t\t\t\t\t\t\t\t\t\t<input size=\"1\" type=\"text\" name=\"form_fields[field_8]\" id=\"form-field-field_8\" class=\"elementor-field elementor-size-sm  elementor-field-textual\" placeholder=\"Emailadresse*\" required=\"required\">\n\t\t\t\t\t\t\t\t\t\t\t<\/div>\n\t\t\t\t\t\t\t\t<div class=\"elementor-field-type-textarea elementor-field-group elementor-column elementor-field-group-field_9 elementor-col-100\">\n\t\t\t\t\t\t\t\t\t\t\t\t<label for=\"form-field-field_9\" class=\"elementor-field-label elementor-screen-only\">\n\t\t\t\t\t\t\t\tNachricht\t\t\t\t\t\t\t<\/label>\n\t\t\t\t\t\t<textarea class=\"elementor-field-textual elementor-field  elementor-size-sm\" name=\"form_fields[field_9]\" id=\"form-field-field_9\" rows=\"4\" placeholder=\"Nachricht\"><\/textarea>\t\t\t\t<\/div>\n\t\t\t\t\t\t\t\t<div class=\"elementor-field-type-recaptcha_v3 elementor-field-group elementor-column elementor-field-group-field_2 elementor-col-100 recaptcha_v3-bottomright\">\n\t\t\t\t\t<div class=\"elementor-field\" id=\"form-field-field_2\"><div class=\"elementor-g-recaptcha\" data-sitekey=\"6Leol7cUAAAAAIGQ704ME8RF3kXHJ5umi7g1Lkin\" data-type=\"v3\" data-action=\"Form\" data-badge=\"bottomright\" data-size=\"invisible\"><\/div><\/div>\t\t\t\t<\/div>\n\t\t\t\t\t\t\t\t<div class=\"elementor-field-group elementor-column elementor-field-type-submit elementor-col-75 e-form__buttons\">\n\t\t\t\t\t<button class=\"elementor-button elementor-size-sm\" type=\"submit\">\n\t\t\t\t\t\t<span class=\"elementor-button-content-wrapper\">\n\t\t\t\t\t\t\t\t\t\t\t\t\t\t\t\t\t\t\t\t\t\t<span class=\"elementor-button-text\">Absenden<\/span>\n\t\t\t\t\t\t\t\t\t\t\t\t\t<\/span>\n\t\t\t\t\t<\/button>\n\t\t\t\t<\/div>\n\t\t\t<\/div>\n\t\t<\/form>\n\t\t\t\t\t\t<\/div>\n\t\t\t\t<\/div>\n\t\t\t\t\t<\/div>\n\t\t<\/div>\n\t\t\t\t\t<\/div>\n\t\t<\/section>\n\t\t\t\t<\/div>\n\t\t","protected":false},"excerpt":{"rendered":"<p>Kontaktieren Sie Fran\u00e7oise Bastons Bulletti Fran\u00e7oise Bastons Bulletti Chefredakteurin der ZPO Online, Autorin Ehemalige Kantonsrichterin Um Frau Fran\u00e7oise Bastons Bulletti zu inhaltlichen Fragen oder Kommentaren des Kurzkommentars der ZPO Online zu kontaktieren, f\u00fcllen Sie das untenstehende Formular aus.<\/p>\n","protected":false},"author":2,"featured_media":0,"parent":2109,"menu_order":0,"comment_status":"closed","ping_status":"closed","template":"","meta":{"_acf_changed":false,"footnotes":""},"class_list":["post-2534","page","type-page","status-publish","hentry"],"acf":[],"_links":{"self":[{"href":"https:\/\/www.zpo-cpc.ch\/de\/wp-json\/wp\/v2\/pages\/2534","targetHints":{"allow":["GET"]}}],"collection":[{"href":"https:\/\/www.zpo-cpc.ch\/de\/wp-json\/wp\/v2\/pages"}],"about":[{"href":"https:\/\/www.zpo-cpc.ch\/de\/wp-json\/wp\/v2\/types\/page"}],"author":[{"embeddable":true,"href":"https:\/\/www.zpo-cpc.ch\/de\/wp-json\/wp\/v2\/users\/2"}],"replies":[{"embeddable":true,"href":"https:\/\/www.zpo-cpc.ch\/de\/wp-json\/wp\/v2\/comments?post=2534"}],"version-history":[{"count":10,"href":"https:\/\/www.zpo-cpc.ch\/de\/wp-json\/wp\/v2\/pages\/2534\/revisions"}],"predecessor-version":[{"id":3239,"href":"https:\/\/www.zpo-cpc.ch\/de\/wp-json\/wp\/v2\/pages\/2534\/revisions\/3239"}],"up":[{"embeddable":true,"href":"https:\/\/www.zpo-cpc.ch\/de\/wp-json\/wp\/v2\/pages\/2109"}],"wp:attachment":[{"href":"https:\/\/www.zpo-cpc.ch\/de\/wp-json\/wp\/v2\/media?parent=2534"}],"curies":[{"name":"wp","href":"https:\/\/api.w.org\/{rel}","templated":true}]}}